{"id":145,"date":"2018-07-08T15:21:37","date_gmt":"2018-07-08T15:21:37","guid":{"rendered":"http:\/\/rh-tischtennis.at\/wp\/?page_id=145"},"modified":"2025-05-29T07:58:32","modified_gmt":"2025-05-29T07:58:32","slug":"geschichte-der-robert-hanak-tischtennis-meisterschaft","status":"publish","type":"page","link":"https:\/\/rh-tischtennis.at\/wp\/geschichte-der-robert-hanak-tischtennis-meisterschaft\/","title":{"rendered":"Die Gr\u00fcndung (2011)"},"content":{"rendered":"<h3>Vorgeschichte zur Gr\u00fcndung<\/h3>\n<p>Zwei Jahre nach dem Ableben <a title=\"Robert Hanak | Portrait\" href=\"http:\/\/rh-tischtennis.at\/wp\/portrait-robert-hanak\/\">Robert Hanaks<\/a>, kam es im\u00a0Herbst 2010 zu grunds\u00e4tzlichen Meinungsverschiedenheiten zwischen dem Obmann der DSG Wien und einem Gro\u00dfteil der Tischtennis-Mannschaftsf\u00fchrer. Streitpunkte waren unter anderem die striktere Exekution des aktuellen Regulativs sowie die Einf\u00fchrung von Geb\u00fchren zu Spielverschiebungen. Weitreichende \u00c4nderungen an den Durchf\u00fchrungsbestimmungen sollten entgegen dem Willen aller anwesenden Mannschaftsf\u00fchrer durchgesetzt werden. Die Meisterschaft 2010\/2011 wurde noch nach den alten Durchf\u00fchrungsbestimmungen durchgef\u00fchrt. Mit dem Wechsel des von Robert Hanak etablierten etwas legereren Umgangs zu einem autorit\u00e4r durchgesetzten strikt formell ablaufenden Meisterschaftsbetriebs waren nahezu alle anwesenden Mannschaftsf\u00fchrer nicht einverstanden.<\/p>\n<p>Bei einer von Wolfgang G\u00f6bl und Martin Albrecher einberufenen Mannschaftsf\u00fchrersitzung am\u00a0<b>26.4.2011 <\/b>im <a href=\"https:\/\/www.plutzerbraeu.at\/\">Plutzer Br\u00e4u<\/a> waren nahezu alle Mannschaftsf\u00fchrer anwesend. Dort wurde eine Losl\u00f6sung von der DSG Wien und Gr\u00fcndung einer eigenen Meisterschaft erstmals diskutiert.<\/p>\n<p>Die von der DSG Wien vorgeschlagenen \u00c4nderungen an den Durchf\u00fchrungsbestimmungen wurden einstimmig so abge\u00e4ndert dass sie <strong>im Geiste Robert Hanaks<\/strong> und im Sinne aller Mannschaften waren. Diese von den Mannschaften kommenden Durchf\u00fchrungsbestimmungen wurden der DSG \u00fcbergeben &#8211; mit der Bitte sie zu \u00fcbernehmen.<\/p>\n<p>Trotz zahlreicher um Konsens bem\u00fchter Gespr\u00e4che, lehnte die DSG Wien die von uns gew\u00fcnschten Durchf\u00fchrungsbestimmungen ab. Bis zur Saison 2010\/2011 trug die DSG Wien ihre Tischtennismeisterschaft 57 mal aus.<\/p>\n<h3>Gr\u00fcndung der Robert Hanak Tischtennis Meisterschaft<\/h3>\n<p>Am\u00a0<b>22.07.2011<\/b>\u00a0fand die konstituierende Sitzung zur Vereinsgr\u00fcndung statt. Regulativ und Statuten wurden beschlossen, der Vorstand gew\u00e4hlt (Wolfgang G\u00f6bl als Obmann, Martin Albrecher als Stellvertreter und Kassier, Domink Knapp als Schriftf\u00fchrer)<\/p>\n<p>Am\u00a0<b>29.08.2011<\/b>\u00a0wurde der Verein &#8222;Robert Hanak Tischtennis Meisterschaft&#8220; von Wolfgang G\u00f6bl und Martin Albrecher gegr\u00fcndet und im Vereinsregister eingetragen.<\/p>\n<p>Am\u00a0<b>19.09.2011<\/b>\u00a0startete der Spielbetrieb der Robert Hanak Tischtennis Meisterschaft mit 29 Mannschaften in drei Klassen mit der Partie &#8222;Donaufeld 1- Sportunion 1&#8220;.<\/p>\n<p>Am <strong>03.05.2019\u00a0<\/strong>beschlossen die Vorst\u00e4nde der RHTT und der DSG Wien\u00a0k\u00fcnftig wieder gemeinsame Ziele zu verfolgen.<\/p>\n<p><b>Heute <\/b>erfreut sich die Robert Hanak Tischtennis Meisterschaft weiterhin gr\u00f6\u00dfter Beliebtheit. In den \u00fcber 10 Jahren ihres Bestehens, konnten einige neue Mannschaften gewonnen werden. Insgesamt nehmen derzeit zwischen 30 und 35 Mannschaften aus 22 <a href=\"https:\/\/rh-tischtennis.at\/wp\/tischtennis-wien\/\">Tischtennisvereinen in Wien<\/a>\u00a0an der RHTT teil.<\/p>\n<p>Der <a href=\"https:\/\/rh-tischtennis.at\/wp\/vorstand\/\">Vorstand<\/a> besteht \u00fcberwiegend aus den Mitgliedern zum Gr\u00fcndungszeitpunkt, zus\u00e4tzlich konnte noch Georg Schramek als Kassier gewonnen werden. Zwischenzeitlich \u00fcbernahmen auch Hubert Micheluzzi, G\u00fcnther Stadlmann, Johannes Dittmoser-Pfeifer und Bernhard Tintel f\u00fcr einen kurzen Zeitraum diverse Vorstandsposten. Hubert Micheluzzi designte in dieser Phase das derzeitige RHTT-Logo.<\/p>\n<blockquote><p><em>Die Entstehungsgeschichte der RHTT ist eine Erfolgsstory. [&#8230;]\u00a0Wie oft hat man das schon gesehen, dass eine Organisation sich quasi geschlossen zu einer neuen umbildet? (Zitat eines ehemaligen Spielers von Wolfersberg)<\/em><\/p><\/blockquote>\n","protected":false},"excerpt":{"rendered":"<p>Vorgeschichte zur Gr\u00fcndung Zwei Jahre nach dem Ableben Robert Hanaks, kam es im\u00a0Herbst 2010 zu grunds\u00e4tzlichen Meinungsverschiedenheiten zwischen dem Obmann der DSG Wien und einem Gro\u00dfteil der Tischtennis-Mannschaftsf\u00fchrer. Streitpunkte waren unter anderem die striktere Exekution des aktuellen Regulativs sowie die Einf\u00fchrung von Geb\u00fchren zu Spielverschiebungen. Weitreichende \u00c4nderungen an den Durchf\u00fchrungsbestimmungen [&hellip;]<\/p>\n","protected":false},"author":1,"featured_media":556,"parent":0,"menu_order":0,"comment_status":"closed","ping_status":"closed","template":"","meta":{"footnotes":""},"class_list":["post-145","page","type-page","status-publish","has-post-thumbnail","hentry"],"yoast_head":"<!-- This site is optimized with the Yoast SEO plugin v24.9 - https:\/\/yoast.com\/wordpress\/plugins\/seo\/ -->\n<title>Die Gr\u00fcndung (2011) - Robert Hanak Tischtennis Meisterschaft<\/title>\n<meta name=\"robots\" content=\"index, follow, max-snippet:-1, max-image-preview:large, max-video-preview:-1\" \/>\n<link rel=\"canonical\" href=\"https:\/\/rh-tischtennis.at\/wp\/geschichte-der-robert-hanak-tischtennis-meisterschaft\/\" \/>\n<meta property=\"og:locale\" content=\"de_DE\" \/>\n<meta property=\"og:type\" content=\"article\" \/>\n<meta property=\"og:title\" content=\"Die Gr\u00fcndung (2011) - Robert Hanak Tischtennis Meisterschaft\" \/>\n<meta property=\"og:description\" content=\"Vorgeschichte zur Gr\u00fcndung Zwei Jahre nach dem Ableben Robert Hanaks, kam es im\u00a0Herbst 2010 zu grunds\u00e4tzlichen Meinungsverschiedenheiten zwischen dem Obmann der DSG Wien und einem Gro\u00dfteil der Tischtennis-Mannschaftsf\u00fchrer. Streitpunkte waren unter anderem die striktere Exekution des aktuellen Regulativs sowie die Einf\u00fchrung von Geb\u00fchren zu Spielverschiebungen. Weitreichende \u00c4nderungen an den Durchf\u00fchrungsbestimmungen [&hellip;]\" \/>\n<meta property=\"og:url\" content=\"https:\/\/rh-tischtennis.at\/wp\/geschichte-der-robert-hanak-tischtennis-meisterschaft\/\" \/>\n<meta property=\"og:site_name\" content=\"Robert Hanak Tischtennis Meisterschaft\" \/>\n<meta property=\"article:modified_time\" content=\"2025-05-29T07:58:32+00:00\" \/>\n<meta property=\"og:image\" content=\"http:\/\/rh-tischtennis.at\/wp\/wp-content\/uploads\/2018\/08\/Grndung.jpg\" \/>\n\t<meta property=\"og:image:width\" content=\"1024\" \/>\n\t<meta property=\"og:image:height\" content=\"768\" \/>\n\t<meta property=\"og:image:type\" content=\"image\/jpeg\" \/>\n<meta name=\"twitter:card\" content=\"summary_large_image\" \/>\n<meta name=\"twitter:label1\" content=\"Gesch\u00e4tzte Lesezeit\" \/>\n\t<meta name=\"twitter:data1\" content=\"3\u00a0Minuten\" \/>\n<script type=\"application\/ld+json\" class=\"yoast-schema-graph\">{\"@context\":\"https:\/\/schema.org\",\"@graph\":[{\"@type\":\"WebPage\",\"@id\":\"https:\/\/rh-tischtennis.at\/wp\/geschichte-der-robert-hanak-tischtennis-meisterschaft\/\",\"url\":\"https:\/\/rh-tischtennis.at\/wp\/geschichte-der-robert-hanak-tischtennis-meisterschaft\/\",\"name\":\"Die Gr\u00fcndung (2011) - Robert Hanak Tischtennis Meisterschaft\",\"isPartOf\":{\"@id\":\"https:\/\/rh-tischtennis.at\/wp\/#website\"},\"primaryImageOfPage\":{\"@id\":\"https:\/\/rh-tischtennis.at\/wp\/geschichte-der-robert-hanak-tischtennis-meisterschaft\/#primaryimage\"},\"image\":{\"@id\":\"https:\/\/rh-tischtennis.at\/wp\/geschichte-der-robert-hanak-tischtennis-meisterschaft\/#primaryimage\"},\"thumbnailUrl\":\"https:\/\/rh-tischtennis.at\/wp\/wp-content\/uploads\/2018\/08\/Grndung.jpg\",\"datePublished\":\"2018-07-08T15:21:37+00:00\",\"dateModified\":\"2025-05-29T07:58:32+00:00\",\"breadcrumb\":{\"@id\":\"https:\/\/rh-tischtennis.at\/wp\/geschichte-der-robert-hanak-tischtennis-meisterschaft\/#breadcrumb\"},\"inLanguage\":\"de\",\"potentialAction\":[{\"@type\":\"ReadAction\",\"target\":[\"https:\/\/rh-tischtennis.at\/wp\/geschichte-der-robert-hanak-tischtennis-meisterschaft\/\"]}]},{\"@type\":\"ImageObject\",\"inLanguage\":\"de\",\"@id\":\"https:\/\/rh-tischtennis.at\/wp\/geschichte-der-robert-hanak-tischtennis-meisterschaft\/#primaryimage\",\"url\":\"https:\/\/rh-tischtennis.at\/wp\/wp-content\/uploads\/2018\/08\/Grndung.jpg\",\"contentUrl\":\"https:\/\/rh-tischtennis.at\/wp\/wp-content\/uploads\/2018\/08\/Grndung.jpg\",\"width\":1024,\"height\":768},{\"@type\":\"BreadcrumbList\",\"@id\":\"https:\/\/rh-tischtennis.at\/wp\/geschichte-der-robert-hanak-tischtennis-meisterschaft\/#breadcrumb\",\"itemListElement\":[{\"@type\":\"ListItem\",\"position\":1,\"name\":\"Startseite\",\"item\":\"https:\/\/rh-tischtennis.at\/wp\/\"},{\"@type\":\"ListItem\",\"position\":2,\"name\":\"Die Gr\u00fcndung (2011)\"}]},{\"@type\":\"WebSite\",\"@id\":\"https:\/\/rh-tischtennis.at\/wp\/#website\",\"url\":\"https:\/\/rh-tischtennis.at\/wp\/\",\"name\":\"Robert Hanak Tischtennis Meisterschaft\",\"description\":\"Tischtennis unter Freunden\",\"publisher\":{\"@id\":\"https:\/\/rh-tischtennis.at\/wp\/#organization\"},\"potentialAction\":[{\"@type\":\"SearchAction\",\"target\":{\"@type\":\"EntryPoint\",\"urlTemplate\":\"https:\/\/rh-tischtennis.at\/wp\/?s={search_term_string}\"},\"query-input\":{\"@type\":\"PropertyValueSpecification\",\"valueRequired\":true,\"valueName\":\"search_term_string\"}}],\"inLanguage\":\"de\"},{\"@type\":\"Organization\",\"@id\":\"https:\/\/rh-tischtennis.at\/wp\/#organization\",\"name\":\"Robert Hanak Tischtennis Meisterschaft\",\"url\":\"https:\/\/rh-tischtennis.at\/wp\/\",\"logo\":{\"@type\":\"ImageObject\",\"inLanguage\":\"de\",\"@id\":\"https:\/\/rh-tischtennis.at\/wp\/#\/schema\/logo\/image\/\",\"url\":\"https:\/\/rh-tischtennis.at\/wp\/wp-content\/uploads\/2018\/07\/cropped-Logo-7.jpg\",\"contentUrl\":\"https:\/\/rh-tischtennis.at\/wp\/wp-content\/uploads\/2018\/07\/cropped-Logo-7.jpg\",\"width\":771,\"height\":769,\"caption\":\"Robert Hanak Tischtennis Meisterschaft\"},\"image\":{\"@id\":\"https:\/\/rh-tischtennis.at\/wp\/#\/schema\/logo\/image\/\"}}]}<\/script>\n<!-- \/ Yoast SEO plugin. -->","yoast_head_json":{"title":"Die Gr\u00fcndung (2011) - Robert Hanak Tischtennis Meisterschaft","robots":{"index":"index","follow":"follow","max-snippet":"max-snippet:-1","max-image-preview":"max-image-preview:large","max-video-preview":"max-video-preview:-1"},"canonical":"https:\/\/rh-tischtennis.at\/wp\/geschichte-der-robert-hanak-tischtennis-meisterschaft\/","og_locale":"de_DE","og_type":"article","og_title":"Die Gr\u00fcndung (2011) - Robert Hanak Tischtennis Meisterschaft","og_description":"Vorgeschichte zur Gr\u00fcndung Zwei Jahre nach dem Ableben Robert Hanaks, kam es im\u00a0Herbst 2010 zu grunds\u00e4tzlichen Meinungsverschiedenheiten zwischen dem Obmann der DSG Wien und einem Gro\u00dfteil der Tischtennis-Mannschaftsf\u00fchrer. Streitpunkte waren unter anderem die striktere Exekution des aktuellen Regulativs sowie die Einf\u00fchrung von Geb\u00fchren zu Spielverschiebungen. Weitreichende \u00c4nderungen an den Durchf\u00fchrungsbestimmungen [&hellip;]","og_url":"https:\/\/rh-tischtennis.at\/wp\/geschichte-der-robert-hanak-tischtennis-meisterschaft\/","og_site_name":"Robert Hanak Tischtennis Meisterschaft","article_modified_time":"2025-05-29T07:58:32+00:00","og_image":[{"width":1024,"height":768,"url":"http:\/\/rh-tischtennis.at\/wp\/wp-content\/uploads\/2018\/08\/Grndung.jpg","type":"image\/jpeg"}],"twitter_card":"summary_large_image","twitter_misc":{"Gesch\u00e4tzte Lesezeit":"3\u00a0Minuten"},"schema":{"@context":"https:\/\/schema.org","@graph":[{"@type":"WebPage","@id":"https:\/\/rh-tischtennis.at\/wp\/geschichte-der-robert-hanak-tischtennis-meisterschaft\/","url":"https:\/\/rh-tischtennis.at\/wp\/geschichte-der-robert-hanak-tischtennis-meisterschaft\/","name":"Die Gr\u00fcndung (2011) - Robert Hanak Tischtennis Meisterschaft","isPartOf":{"@id":"https:\/\/rh-tischtennis.at\/wp\/#website"},"primaryImageOfPage":{"@id":"https:\/\/rh-tischtennis.at\/wp\/geschichte-der-robert-hanak-tischtennis-meisterschaft\/#primaryimage"},"image":{"@id":"https:\/\/rh-tischtennis.at\/wp\/geschichte-der-robert-hanak-tischtennis-meisterschaft\/#primaryimage"},"thumbnailUrl":"https:\/\/rh-tischtennis.at\/wp\/wp-content\/uploads\/2018\/08\/Grndung.jpg","datePublished":"2018-07-08T15:21:37+00:00","dateModified":"2025-05-29T07:58:32+00:00","breadcrumb":{"@id":"https:\/\/rh-tischtennis.at\/wp\/geschichte-der-robert-hanak-tischtennis-meisterschaft\/#breadcrumb"},"inLanguage":"de","potentialAction":[{"@type":"ReadAction","target":["https:\/\/rh-tischtennis.at\/wp\/geschichte-der-robert-hanak-tischtennis-meisterschaft\/"]}]},{"@type":"ImageObject","inLanguage":"de","@id":"https:\/\/rh-tischtennis.at\/wp\/geschichte-der-robert-hanak-tischtennis-meisterschaft\/#primaryimage","url":"https:\/\/rh-tischtennis.at\/wp\/wp-content\/uploads\/2018\/08\/Grndung.jpg","contentUrl":"https:\/\/rh-tischtennis.at\/wp\/wp-content\/uploads\/2018\/08\/Grndung.jpg","width":1024,"height":768},{"@type":"BreadcrumbList","@id":"https:\/\/rh-tischtennis.at\/wp\/geschichte-der-robert-hanak-tischtennis-meisterschaft\/#breadcrumb","itemListElement":[{"@type":"ListItem","position":1,"name":"Startseite","item":"https:\/\/rh-tischtennis.at\/wp\/"},{"@type":"ListItem","position":2,"name":"Die Gr\u00fcndung (2011)"}]},{"@type":"WebSite","@id":"https:\/\/rh-tischtennis.at\/wp\/#website","url":"https:\/\/rh-tischtennis.at\/wp\/","name":"Robert Hanak Tischtennis Meisterschaft","description":"Tischtennis unter Freunden","publisher":{"@id":"https:\/\/rh-tischtennis.at\/wp\/#organization"},"potentialAction":[{"@type":"SearchAction","target":{"@type":"EntryPoint","urlTemplate":"https:\/\/rh-tischtennis.at\/wp\/?s={search_term_string}"},"query-input":{"@type":"PropertyValueSpecification","valueRequired":true,"valueName":"search_term_string"}}],"inLanguage":"de"},{"@type":"Organization","@id":"https:\/\/rh-tischtennis.at\/wp\/#organization","name":"Robert Hanak Tischtennis Meisterschaft","url":"https:\/\/rh-tischtennis.at\/wp\/","logo":{"@type":"ImageObject","inLanguage":"de","@id":"https:\/\/rh-tischtennis.at\/wp\/#\/schema\/logo\/image\/","url":"https:\/\/rh-tischtennis.at\/wp\/wp-content\/uploads\/2018\/07\/cropped-Logo-7.jpg","contentUrl":"https:\/\/rh-tischtennis.at\/wp\/wp-content\/uploads\/2018\/07\/cropped-Logo-7.jpg","width":771,"height":769,"caption":"Robert Hanak Tischtennis Meisterschaft"},"image":{"@id":"https:\/\/rh-tischtennis.at\/wp\/#\/schema\/logo\/image\/"}}]}},"_links":{"self":[{"href":"https:\/\/rh-tischtennis.at\/wp\/wp-json\/wp\/v2\/pages\/145","targetHints":{"allow":["GET"]}}],"collection":[{"href":"https:\/\/rh-tischtennis.at\/wp\/wp-json\/wp\/v2\/pages"}],"about":[{"href":"https:\/\/rh-tischtennis.at\/wp\/wp-json\/wp\/v2\/types\/page"}],"author":[{"embeddable":true,"href":"https:\/\/rh-tischtennis.at\/wp\/wp-json\/wp\/v2\/users\/1"}],"replies":[{"embeddable":true,"href":"https:\/\/rh-tischtennis.at\/wp\/wp-json\/wp\/v2\/comments?post=145"}],"version-history":[{"count":28,"href":"https:\/\/rh-tischtennis.at\/wp\/wp-json\/wp\/v2\/pages\/145\/revisions"}],"predecessor-version":[{"id":2233,"href":"https:\/\/rh-tischtennis.at\/wp\/wp-json\/wp\/v2\/pages\/145\/revisions\/2233"}],"wp:featuredmedia":[{"embeddable":true,"href":"https:\/\/rh-tischtennis.at\/wp\/wp-json\/wp\/v2\/media\/556"}],"wp:attachment":[{"href":"https:\/\/rh-tischtennis.at\/wp\/wp-json\/wp\/v2\/media?parent=145"}],"curies":[{"name":"wp","href":"https:\/\/api.w.org\/{rel}","templated":true}]}}